{"id":388,"date":"2025-04-01T15:25:25","date_gmt":"2025-04-01T13:25:25","guid":{"rendered":"https:\/\/www.tambourchaman.fr\/?page_id=388"},"modified":"2025-04-01T15:32:06","modified_gmt":"2025-04-01T13:32:06","slug":"les-sejours","status":"publish","type":"page","link":"https:\/\/www.tambourchaman.fr\/index.php\/les-sejours\/","title":{"rendered":"Les s\u00e9jours"},"content":{"rendered":"<p>[et_pb_section fb_built=&#8221;1&#8243; admin_label=&#8221;Hero&#8221; _builder_version=&#8221;4.27.4&#8243; background_enable_image=&#8221;off&#8221; background_size=&#8221;initial&#8221; custom_padding=&#8221;35px||27px|||&#8221; global_colors_info=&#8221;{}&#8221;][et_pb_row _builder_version=&#8221;4.16&#8243; background_size=&#8221;initial&#8221; background_position=&#8221;top_left&#8221; background_repeat=&#8221;repeat&#8221; custom_padding=&#8221;||8px|||&#8221; global_colors_info=&#8221;{}&#8221;][et_pb_column type=&#8221;4_4&#8243; _builder_version=&#8221;4.16&#8243; custom_padding=&#8221;|||&#8221; global_colors_info=&#8221;{}&#8221; custom_padding__hover=&#8221;|||&#8221;][et_pb_text admin_label=&#8221;Title&#8221; _builder_version=&#8221;4.27.4&#8243; header_font=&#8221;Cormorant Garamond|500|||||||&#8221; header_text_align=&#8221;center&#8221; header_font_size=&#8221;64px&#8221; animation_style=&#8221;fade&#8221; global_colors_info=&#8221;{}&#8221;]<\/p>\n<h1>Les s\u00e9jours<\/h1>\n<p>[\/et_pb_text][et_pb_divider color=&#8221;#cccccc&#8221; divider_weight=&#8221;2px&#8221; _builder_version=&#8221;4.16&#8243; max_width=&#8221;80px&#8221; max_width_tablet=&#8221;100px&#8221; max_width_phone=&#8221;100px&#8221; max_width_last_edited=&#8221;off|desktop&#8221; module_alignment=&#8221;center&#8221; animation_style=&#8221;fade&#8221; global_colors_info=&#8221;{}&#8221;][\/et_pb_divider][et_pb_divider color=&#8221;#ebebeb&#8221; divider_position=&#8221;bottom&#8221; _builder_version=&#8221;4.16&#8243; global_colors_info=&#8221;{}&#8221;][\/et_pb_divider][\/et_pb_column][\/et_pb_row][\/et_pb_section][et_pb_section fb_built=&#8221;1&#8243; _builder_version=&#8221;4.27.4&#8243; _module_preset=&#8221;default&#8221; global_colors_info=&#8221;{}&#8221;][et_pb_row column_structure=&#8221;1_2,1_2&#8243; _builder_version=&#8221;4.27.4&#8243; _module_preset=&#8221;default&#8221; global_colors_info=&#8221;{}&#8221;][et_pb_column type=&#8221;1_2&#8243; _builder_version=&#8221;4.27.4&#8243; _module_preset=&#8221;default&#8221; global_colors_info=&#8221;{}&#8221;][et_pb_image src=&#8221;http:\/\/www.tambourchaman.fr\/wp-content\/uploads\/2025\/04\/7627960306474132858.png&#8221; title_text=&#8221;7627960306474132858&#8243; _builder_version=&#8221;4.27.4&#8243; _module_preset=&#8221;default&#8221; global_colors_info=&#8221;{}&#8221;][\/et_pb_image][et_pb_text _builder_version=&#8221;4.27.4&#8243; _module_preset=&#8221;default&#8221; global_colors_info=&#8221;{}&#8221;]<\/p>\n<div class=\"et_pb_module et_pb_text et_pb_text_1  et_pb_text_align_left et_pb_bg_layout_light\">\n<div class=\"et_pb_text_inner\">\n<p>Pour en savoir plus,<a href=\"https:\/\/www.hebergementlescarlines.fr\/wp-content\/uploads\/2025\/04\/7627960306474132858.pdf\" target=\"_blank\" rel=\"noopener\"> t\u00e9l\u00e9charger la plaquette<\/a>.<\/p>\n<\/div>\n<\/div>\n<div class=\"et_pb_module et_pb_text et_pb_text_2  et_pb_text_align_left et_pb_bg_layout_light\">\n<div class=\"et_pb_text_inner\">\n<p>Les intervenantes :<br \/><a href=\"https:\/\/www.aurelievonjunker.fr\/\" target=\"_blank\" rel=\"noopener\">Aur\u00e9lie Von Junker<\/a><br \/><a href=\"https:\/\/www.tambourchaman.fr\/\" target=\"_blank\" rel=\"noopener\">Julie Gobbi<\/a><br \/><a href=\"https:\/\/laforcecreatrice.fr\/\" target=\"_blank\" rel=\"noopener\">Amandine Charpentier<\/a><\/p>\n<\/div>\n<\/div>\n<p>[\/et_pb_text][\/et_pb_column][et_pb_column type=&#8221;1_2&#8243; _builder_version=&#8221;4.27.4&#8243; _module_preset=&#8221;default&#8221; global_colors_info=&#8221;{}&#8221;][et_pb_text _builder_version=&#8221;4.27.4&#8243; _module_preset=&#8221;default&#8221; hover_enabled=&#8221;0&#8243; global_colors_info=&#8221;{}&#8221; sticky_enabled=&#8221;0&#8243;]<\/p>\n<p><img decoding=\"async\" data-emoji=\"\ud83c\udf3f\" class=\"an1\" alt=\"\ud83c\udf3f\" aria-label=\"\ud83c\udf3f\" draggable=\"false\" src=\"https:\/\/fonts.gstatic.com\/s\/e\/notoemoji\/16.0\/1f33f\/32.png\" loading=\"lazy\" \/> <strong>S\u00e9jour \u201cTrouver son \u00e9quilibre\u201d \u2013 du 2 au 4 mai 2025<\/strong> <img decoding=\"async\" data-emoji=\"\ud83c\udf3f\" class=\"an1\" alt=\"\ud83c\udf3f\" aria-label=\"\ud83c\udf3f\" draggable=\"false\" src=\"https:\/\/fonts.gstatic.com\/s\/e\/notoemoji\/16.0\/1f33f\/32.png\" loading=\"lazy\" \/><\/p>\n<p>Un s\u00e9jour de 3 jours et 2 nuits dans un cadre naturel pr\u00e9serv\u00e9, con\u00e7u pour explorer et cultiver l\u2019\u00e9quilibre int\u00e9rieur et ext\u00e9rieur.<\/p>\n<p><img decoding=\"async\" data-emoji=\"\ud83c\udf33\" class=\"an1\" alt=\"\ud83c\udf33\" aria-label=\"\ud83c\udf33\" draggable=\"false\" src=\"https:\/\/fonts.gstatic.com\/s\/e\/notoemoji\/16.0\/1f333\/32.png\" loading=\"lazy\" \/> Un espace-temps pour exp\u00e9rimenter, ressentir, et ajuster son \u00e9quilibre avec curiosit\u00e9 et douceur.<\/p>\n<p><img decoding=\"async\" data-emoji=\"\ud83c\udf33\" class=\"an1\" alt=\"\ud83c\udf33\" aria-label=\"\ud83c\udf33\" draggable=\"false\" src=\"https:\/\/fonts.gstatic.com\/s\/e\/notoemoji\/16.0\/1f333\/32.png\" loading=\"lazy\" \/> Une invitation \u00e0 explorer comment notre relation au monde influence notre posture int\u00e9rieure et ext\u00e9rieure<\/p>\n<p><img decoding=\"async\" data-emoji=\"\u2728\" class=\"an1\" alt=\"\u2728\" aria-label=\"\u2728\" draggable=\"false\" src=\"https:\/\/fonts.gstatic.com\/s\/e\/notoemoji\/16.0\/2728\/32.png\" loading=\"lazy\" \/> <strong>AU PROGRAMME<\/strong> :<\/p>\n<p><img decoding=\"async\" data-emoji=\"\ud83c\udf38\" class=\"an1\" alt=\"\ud83c\udf38\" aria-label=\"\ud83c\udf38\" draggable=\"false\" src=\"https:\/\/fonts.gstatic.com\/s\/e\/notoemoji\/16.0\/1f338\/32.png\" loading=\"lazy\" \/> \u00c9quilibre du corps : pratiques corporelles de saison, ancrage, respirations<br \/>\n<img decoding=\"async\" data-emoji=\"\ud83c\udf38\" class=\"an1\" alt=\"\ud83c\udf38\" aria-label=\"\ud83c\udf38\" draggable=\"false\" src=\"https:\/\/fonts.gstatic.com\/s\/e\/notoemoji\/16.0\/1f338\/32.png\" loading=\"lazy\" \/> \u00c9quilibre des \u00e9motions : r\u00e9gulation du syst\u00e8me nerveux, \u00e9coute et expression de soi<br \/>\n<img decoding=\"async\" data-emoji=\"\ud83c\udf38\" class=\"an1\" alt=\"\ud83c\udf38\" aria-label=\"\ud83c\udf38\" draggable=\"false\" src=\"https:\/\/fonts.gstatic.com\/s\/e\/notoemoji\/16.0\/1f338\/32.png\" loading=\"lazy\" \/> \u00c9quilibre avec la nature : cueillette et cuisine sauvage, reliance au vivant<br \/>\n<img decoding=\"async\" data-emoji=\"\ud83c\udf38\" class=\"an1\" alt=\"\ud83c\udf38\" aria-label=\"\ud83c\udf38\" draggable=\"false\" src=\"https:\/\/fonts.gstatic.com\/s\/e\/notoemoji\/16.0\/1f338\/32.png\" loading=\"lazy\" \/> \u00c9quilibre du mouvement et de la posture int\u00e9rieure : danse, contes, tambour et expression cr\u00e9ative<\/p>\n<p><img decoding=\"async\" data-emoji=\"\ud83d\udccd\" class=\"an1\" alt=\"\ud83d\udccd\" aria-label=\"\ud83d\udccd\" draggable=\"false\" src=\"https:\/\/fonts.gstatic.com\/s\/e\/notoemoji\/16.0\/1f4cd\/32.png\" loading=\"lazy\" \/> Lieu : G\u00eete Les Carlines \u2013 Tende (06)<br \/>\n<img decoding=\"async\" data-emoji=\"\ud83d\udcc5\" class=\"an1\" alt=\"\ud83d\udcc5\" aria-label=\"\ud83d\udcc5\" draggable=\"false\" src=\"https:\/\/fonts.gstatic.com\/s\/e\/notoemoji\/16.0\/1f4c5\/32.png\" loading=\"lazy\" \/> Dates : Du 2 mai \u00e0 18h au 4 mai \u00e0 17h<br \/>\n<img decoding=\"async\" data-emoji=\"\ud83d\udcb0\" class=\"an1\" alt=\"\ud83d\udcb0\" aria-label=\"\ud83d\udcb0\" draggable=\"false\" src=\"https:\/\/fonts.gstatic.com\/s\/e\/notoemoji\/16.0\/1f4b0\/32.png\" loading=\"lazy\" \/> Tarif : 350 \u20ac tout compris (h\u00e9bergement, repas, accompagnements)<br \/>\n<img decoding=\"async\" data-emoji=\"\ud83d\udc65\" class=\"an1\" alt=\"\ud83d\udc65\" aria-label=\"\ud83d\udc65\" draggable=\"false\" src=\"https:\/\/fonts.gstatic.com\/s\/e\/notoemoji\/16.0\/1f465\/32.png\" loading=\"lazy\" \/>\u00a0 11 places disponibles<\/p>\n<p><img decoding=\"async\" data-emoji=\"\ud83d\udce9\" class=\"an1\" alt=\"\ud83d\udce9\" aria-label=\"\ud83d\udce9\" draggable=\"false\" src=\"https:\/\/fonts.gstatic.com\/s\/e\/notoemoji\/16.0\/1f4e9\/32.png\" loading=\"lazy\" \/> Infos &amp; inscriptions : <a href=\"mailto:juliegobbi@gmail.com\" target=\"_blank\" rel=\"noopener\">juliegobbi@gmail.com<\/a> \/ 06.85.19.25.37<\/p>\n<\/div>\n<\/div>\n<\/div>\n<p>[\/et_pb_text][\/et_pb_column][\/et_pb_row][\/et_pb_section]<\/p>\n","protected":false},"excerpt":{"rendered":"<p>Les s\u00e9jours Pour en savoir plus, t\u00e9l\u00e9charger la plaquette. Les intervenantes :Aur\u00e9lie Von JunkerJulie GobbiAmandine Charpentier S\u00e9jour \u201cTrouver son \u00e9quilibre\u201d \u2013 du 2 au 4 mai 2025 Un s\u00e9jour de 3 jours et 2 nuits dans un cadre naturel pr\u00e9serv\u00e9, con\u00e7u pour explorer et cultiver l\u2019\u00e9quilibre int\u00e9rieur et ext\u00e9rieur. Un espace-temps pour exp\u00e9rimenter, ressentir, et [&hellip;]<\/p>\n","protected":false},"author":1,"featured_media":0,"parent":0,"menu_order":0,"comment_status":"closed","ping_status":"closed","template":"","meta":{"_et_pb_use_builder":"on","_et_pb_old_content":"[et_pb_section fb_built=\"1\" admin_label=\"Hero\" _builder_version=\"4.16\" background_image=\"http:\/\/www.tambourchaman.fr\/wp-content\/uploads\/2022\/11\/ours-tambour-medecine.jpg\" background_size=\"initial\" custom_padding=\"35px||27px|||\" global_colors_info=\"{}\"][et_pb_row _builder_version=\"4.16\" background_size=\"initial\" background_position=\"top_left\" background_repeat=\"repeat\" custom_padding=\"||8px|||\" global_colors_info=\"{}\"][et_pb_column type=\"4_4\" _builder_version=\"4.16\" custom_padding=\"|||\" global_colors_info=\"{}\" custom_padding__hover=\"|||\"][et_pb_text admin_label=\"Title\" _builder_version=\"4.16\" header_font=\"Cormorant Garamond|500|||||||\" header_text_align=\"center\" header_font_size=\"64px\" animation_style=\"fade\" global_colors_info=\"{}\"]<h1>Qui suis-je<\/h1>[\/et_pb_text][et_pb_divider color=\"#cccccc\" divider_weight=\"2px\" _builder_version=\"4.16\" max_width=\"80px\" max_width_tablet=\"100px\" max_width_phone=\"100px\" max_width_last_edited=\"off|desktop\" module_alignment=\"center\" animation_style=\"fade\" global_colors_info=\"{}\"][\/et_pb_divider][et_pb_text _builder_version=\"4.16\" text_font=\"Cormorant Garamond|500|||||||\" text_text_color=\"#1e1e1e\" text_font_size=\"20px\" text_line_height=\"1.8em\" text_orientation=\"center\" custom_margin=\"-6px|||||\" global_colors_info=\"{}\"]<p>Exp\u00e9riment\u00e9e dans l'art de se r\u00e9inventer je ne manque pas de cr\u00e9ativit\u00e9.<br \/> Toujours pr\u00eate pour l'aventure en lien avec la nature.<br \/> Un brin sauvage, la t\u00eate dans les nuages.<br \/> Je partage volontiers mes activit\u00e9s avec les int\u00e9ress\u00e9s.<\/p>[\/et_pb_text][et_pb_divider color=\"#ebebeb\" divider_position=\"bottom\" _builder_version=\"4.16\" global_colors_info=\"{}\"][\/et_pb_divider][\/et_pb_column][\/et_pb_row][\/et_pb_section][et_pb_section fb_built=\"1\" specialty=\"on\" admin_label=\"Person\" _builder_version=\"4.16\" custom_padding=\"0px|||||\" global_colors_info=\"{}\"][et_pb_column type=\"1_3\" _builder_version=\"4.16\" custom_padding=\"|||\" global_colors_info=\"{}\" custom_padding__hover=\"|||\"][et_pb_image src=\"http:\/\/www.tambourchaman.fr\/wp-content\/uploads\/2022\/11\/julie-vallee-de-la-roya-tende-tambour-chaman.jpg\" title_text=\"julie-vallee-de-la-roya-tende-tambour-chaman\" force_fullwidth=\"on\" align_tablet=\"center\" align_phone=\"\" align_last_edited=\"on|desktop\" _builder_version=\"4.16\" animation_style=\"fade\" locked=\"off\" global_colors_info=\"{}\"][\/et_pb_image][\/et_pb_column][et_pb_column type=\"2_3\" specialty_columns=\"2\" _builder_version=\"4.16\" custom_padding=\"|||\" global_colors_info=\"{}\" custom_padding__hover=\"|||\"][et_pb_row_inner _builder_version=\"4.16\" custom_padding=\"77.7px|0px|0px|0px||\" global_colors_info=\"{}\"][et_pb_column_inner saved_specialty_column_type=\"2_3\" _builder_version=\"4.16\" custom_padding=\"|||\" global_colors_info=\"{}\" custom_padding__hover=\"|||\"][et_pb_text _builder_version=\"4.27.4\" text_font=\"Cormorant Garamond|500|||||||\" text_text_color=\"#1e1e1e\" text_font_size=\"20px\" text_line_height=\"1.8em\" text_orientation=\"center\" custom_margin=\"-6px|||||\" global_colors_info=\"{}\"]<p>&nbsp;<\/p>\n<p>Issue d'un milieu montagnard, originaire de la vall\u00e9e de la Roya, sensible et curieuse de nature, je m'oriente vers des m\u00e9tiers qui me permettent de voyager et d'\u00eatre \u00e0 l'ext\u00e9rieur.<br \/>Apr\u00e8s plusieurs ann\u00e9es de nomadisme professionnel, je m'installe dans la vall\u00e9e de la Roya et y trouve ma stabilit\u00e9, mon ancrage.<br \/>J'ai deux enfants qui m'invitent \u00e0 la simplicit\u00e9 et \u00e0 renouer avec l'essence-ciel.<br \/>Je suis en qu\u00eate de plus de sens dans ma vie. Je rencontre sur mon chemin des personnes qui m'accompagnent dans cette d\u00e9marche.<\/p>\n<p>\u00a0Je m'initie aux inipis, \u00e0 l'art th\u00e9rapie, massage, shiatsu; je d\u00e9couvre en r\u00eave et dans la mati\u00e8re le tambour.<br \/>Mon coeur vibre et c'est parti pour une nouvelle et belle aventure.<\/p>[\/et_pb_text][\/et_pb_column_inner][\/et_pb_row_inner][\/et_pb_column][\/et_pb_section][et_pb_section fb_built=\"1\" _builder_version=\"4.27.4\" _module_preset=\"default\" custom_padding=\"0px|||||\" global_colors_info=\"{}\"][et_pb_row _builder_version=\"4.27.4\" _module_preset=\"default\" global_colors_info=\"{}\"][et_pb_column type=\"4_4\" _builder_version=\"4.27.4\" _module_preset=\"default\" global_colors_info=\"{}\"][et_pb_text _builder_version=\"4.27.4\" _module_preset=\"default\" text_font=\"Cormorant Garamond|500|||||||\" text_text_color=\"#000000\" text_font_size=\"20px\" ul_font_size=\"50px\" global_colors_info=\"{}\"]<p><strong>\u00a0 Mon Approche<\/strong><strong><\/strong><\/p>\n<p><strong><\/strong><\/p>\n<p>Mes enseignements issus du chamanisme et d'autres courants, proviennent de diff\u00e9rentes cultures am\u00e9rindienne, celte, asiatique...<\/p>\n<p>Je les transmet par le biais de pratiques reliant le corps, l'esprit et le c\u0153ur, dans le respect du rythme personnel et du cycle naturel des saisons.<\/p>\n<p>Lors des s\u00e9ances, je t'\u00e9coute, je suis attentive \u00e0 mes ressentis, je fais appel aux sagesses ancestrales qui me guident pour t'accompagner de la fa\u00e7on la plus adapt\u00e9e, la plus juste sur ton chemin.<\/p>\n<p>En qu\u00eate de nouveaux savoirs, toujours \u00e0 l'\u00e9coute des \u00e9nergies et besoins du moment, les s\u00e9ances sont susceptibles de varier dans leurs formes.<\/p>\n<p>&nbsp;<\/p>[\/et_pb_text][\/et_pb_column][\/et_pb_row][\/et_pb_section]","_et_gb_content_width":"","_mc_calendar":[],"footnotes":""},"class_list":["post-388","page","type-page","status-publish","hentry"],"_links":{"self":[{"href":"https:\/\/www.tambourchaman.fr\/index.php\/wp-json\/wp\/v2\/pages\/388","targetHints":{"allow":["GET"]}}],"collection":[{"href":"https:\/\/www.tambourchaman.fr\/index.php\/wp-json\/wp\/v2\/pages"}],"about":[{"href":"https:\/\/www.tambourchaman.fr\/index.php\/wp-json\/wp\/v2\/types\/page"}],"author":[{"embeddable":true,"href":"https:\/\/www.tambourchaman.fr\/index.php\/wp-json\/wp\/v2\/users\/1"}],"replies":[{"embeddable":true,"href":"https:\/\/www.tambourchaman.fr\/index.php\/wp-json\/wp\/v2\/comments?post=388"}],"version-history":[{"count":4,"href":"https:\/\/www.tambourchaman.fr\/index.php\/wp-json\/wp\/v2\/pages\/388\/revisions"}],"predecessor-version":[{"id":395,"href":"https:\/\/www.tambourchaman.fr\/index.php\/wp-json\/wp\/v2\/pages\/388\/revisions\/395"}],"wp:attachment":[{"href":"https:\/\/www.tambourchaman.fr\/index.php\/wp-json\/wp\/v2\/media?parent=388"}],"curies":[{"name":"wp","href":"https:\/\/api.w.org\/{rel}","templated":true}]}}