{"id":248,"date":"2022-12-07T15:49:55","date_gmt":"2022-12-07T14:49:55","guid":{"rendered":"https:\/\/www.tambourchaman.fr\/?page_id=248"},"modified":"2023-05-25T12:19:41","modified_gmt":"2023-05-25T10:19:41","slug":"tarifs","status":"publish","type":"page","link":"https:\/\/www.tambourchaman.fr\/index.php\/tarifs\/","title":{"rendered":"tarifs"},"content":{"rendered":"<p>[et_pb_section fb_built=&#8221;1&#8243; admin_label=&#8221;Hero&#8221; _builder_version=&#8221;4.4.9&#8243; background_image=&#8221;http:\/\/www.tambourchaman.fr\/wp-content\/uploads\/2022\/12\/plume-tambour-chamanique-tende-vallee-roya-06.jpg&#8221; background_size=&#8221;initial&#8221; custom_margin=&#8221;|||&#8221; custom_padding=&#8221;88px||117px|||&#8221; hover_enabled=&#8221;0&#8243;][et_pb_row _builder_version=&#8221;3.25&#8243; background_size=&#8221;initial&#8221; background_position=&#8221;top_left&#8221; background_repeat=&#8221;repeat&#8221;][et_pb_column type=&#8221;4_4&#8243; _builder_version=&#8221;3.25&#8243; custom_padding=&#8221;|||&#8221; custom_padding__hover=&#8221;|||&#8221;][et_pb_text admin_label=&#8221;Title&#8221; _builder_version=&#8221;4.4.9&#8243; header_font=&#8221;Amita|700|||||||&#8221; header_text_align=&#8221;center&#8221; header_font_size=&#8221;64px&#8221; animation_style=&#8221;fade&#8221; hover_enabled=&#8221;0&#8243; text_font=&#8221;Amita||||||||&#8221;]<\/p>\n<h1>Tarifs<\/h1>\n<p>[\/et_pb_text][\/et_pb_column][\/et_pb_row][\/et_pb_section][et_pb_section fb_built=&#8221;1&#8243; admin_label=&#8221;Features&#8221; _builder_version=&#8221;3.22&#8243; custom_margin=&#8221;|||&#8221; custom_padding=&#8221;||90px|&#8221;][et_pb_row column_structure=&#8221;2_3,1_3&#8243; custom_padding_last_edited=&#8221;on|phone&#8221; _builder_version=&#8221;4.4.9&#8243; background_image=&#8221;http:\/\/www.tambourchaman.fr\/wp-content\/uploads\/2022\/12\/papillon-roya-tarifs-stage-tambour.jpg&#8221; custom_margin=&#8221;|||&#8221; custom_padding=&#8221;80px|50px|80px|50px&#8221; custom_padding_tablet=&#8221;&#8221; custom_padding_phone=&#8221;|20px||20px&#8221;][et_pb_column type=&#8221;2_3&#8243; _builder_version=&#8221;3.25&#8243; custom_padding=&#8221;|||&#8221; custom_padding__hover=&#8221;|||&#8221;][et_pb_text _builder_version=&#8221;3.27.4&#8243; text_font=&#8221;Cormorant Garamond|500|||||||&#8221; text_text_color=&#8221;#1e1e1e&#8221; text_font_size=&#8221;20px&#8221; text_line_height=&#8221;1.6em&#8221; header_font=&#8221;||||||||&#8221; header_4_font=&#8221;Montserrat|500|||||||&#8221; header_4_font_size=&#8221;16px&#8221; header_4_line_height=&#8221;2em&#8221; background_color=&#8221;#ffffff&#8221; custom_margin=&#8221;|||&#8221; custom_padding=&#8221;40px|40px|37px|40px||&#8221; animation_style=&#8221;slide&#8221; animation_direction=&#8221;right&#8221; animation_intensity_slide=&#8221;5%&#8221; animation_starting_opacity=&#8221;100%&#8221;]<\/p>\n<p style=\"text-align: justify;\">Le stage de fabrication de tambour revient \u00e0 350 euros par personnes pour un tambour de 40 cm.<\/p>\n<p style=\"text-align: justify;\">Un suppl\u00e9ment de 70 euros est demand\u00e9 pour un tambour de 50 cm.<\/p>\n<p style=\"text-align: justify;\">Le prix comprend l&#8217;h\u00e9bergement, la nourriture, l&#8217;accompagnement et le tambour.<\/p>\n<p>[\/et_pb_text][\/et_pb_column][et_pb_column type=&#8221;1_3&#8243; _builder_version=&#8221;3.25&#8243; custom_padding=&#8221;|||&#8221; custom_padding__hover=&#8221;|||&#8221;][\/et_pb_column][\/et_pb_row][\/et_pb_section]<\/p>\n","protected":false},"excerpt":{"rendered":"<p>Tarifs Le stage de fabrication de tambour revient \u00e0 350 euros par personnes pour un tambour de 40 cm. Un suppl\u00e9ment de 70 euros est demand\u00e9 pour un tambour de 50 cm. Le prix comprend l&#8217;h\u00e9bergement, la nourriture, l&#8217;accompagnement et le tambour.<\/p>\n","protected":false},"author":1,"featured_media":0,"parent":0,"menu_order":0,"comment_status":"closed","ping_status":"closed","template":"","meta":{"_et_pb_use_builder":"on","_et_pb_old_content":"","_et_gb_content_width":"","_mc_calendar":[],"footnotes":""},"class_list":["post-248","page","type-page","status-publish","hentry"],"_links":{"self":[{"href":"https:\/\/www.tambourchaman.fr\/index.php\/wp-json\/wp\/v2\/pages\/248","targetHints":{"allow":["GET"]}}],"collection":[{"href":"https:\/\/www.tambourchaman.fr\/index.php\/wp-json\/wp\/v2\/pages"}],"about":[{"href":"https:\/\/www.tambourchaman.fr\/index.php\/wp-json\/wp\/v2\/types\/page"}],"author":[{"embeddable":true,"href":"https:\/\/www.tambourchaman.fr\/index.php\/wp-json\/wp\/v2\/users\/1"}],"replies":[{"embeddable":true,"href":"https:\/\/www.tambourchaman.fr\/index.php\/wp-json\/wp\/v2\/comments?post=248"}],"version-history":[{"count":8,"href":"https:\/\/www.tambourchaman.fr\/index.php\/wp-json\/wp\/v2\/pages\/248\/revisions"}],"predecessor-version":[{"id":299,"href":"https:\/\/www.tambourchaman.fr\/index.php\/wp-json\/wp\/v2\/pages\/248\/revisions\/299"}],"wp:attachment":[{"href":"https:\/\/www.tambourchaman.fr\/index.php\/wp-json\/wp\/v2\/media?parent=248"}],"curies":[{"name":"wp","href":"https:\/\/api.w.org\/{rel}","templated":true}]}}